{"id":3628,"date":"2025-10-10T11:14:52","date_gmt":"2025-10-10T09:14:52","guid":{"rendered":"https:\/\/anders-shop.it\/styling\/"},"modified":"2025-10-28T16:34:32","modified_gmt":"2025-10-28T15:34:32","slug":"styling","status":"publish","type":"page","link":"https:\/\/anders-shop.it\/it\/styling\/","title":{"rendered":"Anders Styling Atelier"},"content":{"rendered":"<div class=\"wpb-content-wrapper\"><p>[vc_row][vc_column][vc_single_image image=&#8221;3632&#8243; img_size=&#8221;large&#8221; alignment=&#8221;center&#8221; css=&#8221;&#8221;][vc_empty_space height=&#8221;50px&#8221;][vc_masonry_media_grid item=&#8221;3435&#8243; grid_id=&#8221;vc_gid:1761665662494-8026f069-5dd5-6&#8243; include=&#8221;3629,3631,3630&#8243;][vc_empty_space height=&#8221;50px&#8221;][vc_column_text css=&#8221;&#8221;]<\/p>\n<p data-start=\"165\" data-end=\"585\">Secondo il motto \u201cBello \u00e8 ci\u00f2 che fa danzare l\u2019anima\u201d<br data-start=\"222\" data-end=\"225\" \/>Sono Ulli, make-up artist e hairstylist per passione. Dal 2008 lavoro in modo indipendente, mettendo tutto il mio cuore nel mio mestiere. Amo lavorare con le persone e esprimere la mia creativit\u00e0 attraverso di loro. Dedico molto tempo alla formazione continua: con curiosit\u00e0 mi tengo sempre aggiornata sulle nuove tendenze e sui prodotti di alta qualit\u00e0.<\/p>\n<p data-start=\"587\" data-end=\"850\">Nella Boutique Anders, in un ambiente curato e dal fascino moderno, ho avuto la splendida opportunit\u00e0 di aprire il mio Styling Atelier e accogliere l\u00ec i miei clienti. In questo spazio mi dedico, dalla testa ai piedi, alla bellezza di chi si affida a me.<\/p>\n<p>[\/vc_column_text][vc_empty_space height=&#8221;35px&#8221;][vc_column_text css=&#8221;&#8221;]<strong>I seguenti servizi possono essere richiesti e prenotati tramite WhatsApp o e-mail:<\/strong><\/p>\n<ul>\n<li>Make-up per occasioni speciali: matrimoni, eventi aziendali, feste di maturit\u00e0, serate di gala<\/li>\n<li data-start=\"944\" data-end=\"1040\">Make-up personalizzato in base al tipo e allo stile<\/li>\n<li data-start=\"1097\" data-end=\"1118\">Make-up da giorno<\/li>\n<li data-start=\"1119\" data-end=\"1138\">Make-up da sera<\/li>\n<li data-start=\"1139\" data-end=\"1210\">Hairstyling: acconciature raccolte, intrecci e pettinature speciali<\/li>\n<li data-start=\"1211\" data-end=\"1234\">Seminari di make-up<\/li>\n<li data-start=\"1235\" data-end=\"1257\">Workshop di trucco<\/li>\n<li data-start=\"1258\" data-end=\"1296\">Consulenze trucco da 1 a 3 persone<\/li>\n<\/ul>\n<p>[\/vc_column_text][vc_empty_space height=&#8221;35px&#8221;][vc_column_text css=&#8221;&#8221;]<\/p>\n<h2>Contatti:<\/h2>\n<p><a href=\"https:\/\/web.archive.org\/web\/20240624153451\/mailto:info@make-up-artist.it\">info@make-up-artist.it<br \/>\n<\/a><a href=\"https:\/\/web.archive.org\/web\/20240624153451\/tel:+393395702716\">+39 339 570 2716<\/a>[\/vc_column_text][vc_empty_space height=&#8221;50px&#8221;][\/vc_column][\/vc_row]<\/p>\n<\/div>","protected":false},"excerpt":{"rendered":"<p>[vc_row][vc_column][vc_single_image image=&#8221;3632&#8243; img_size=&#8221;large&#8221; alignment=&#8221;center&#8221; css=&#8221;&#8221;][vc_empty_space height=&#8221;50px&#8221;][vc_masonry_media_grid item=&#8221;3435&#8243; grid_id=&#8221;vc_gid:1761665662494-8026f069-5dd5-6&#8243; include=&#8221;3629,3631,3630&#8243;][vc_empty_space height=&#8221;50px&#8221;][vc_column_text css=&#8221;&#8221;] Secondo il motto \u201cBello \u00e8 ci\u00f2 che fa danzare l\u2019anima\u201dSono Ulli, make-up artist e hairstylist per passione. Dal 2008 lavoro in modo indipendente, mettendo tutto il mio cuore nel [&hellip;]<\/p>\n","protected":false},"author":1,"featured_media":0,"parent":0,"menu_order":0,"comment_status":"closed","ping_status":"closed","template":"","meta":{"footnotes":""},"class_list":["post-3628","page","type-page","status-publish","hentry"],"_links":{"self":[{"href":"https:\/\/anders-shop.it\/it\/wp-json\/wp\/v2\/pages\/3628","targetHints":{"allow":["GET"]}}],"collection":[{"href":"https:\/\/anders-shop.it\/it\/wp-json\/wp\/v2\/pages"}],"about":[{"href":"https:\/\/anders-shop.it\/it\/wp-json\/wp\/v2\/types\/page"}],"author":[{"embeddable":true,"href":"https:\/\/anders-shop.it\/it\/wp-json\/wp\/v2\/users\/1"}],"replies":[{"embeddable":true,"href":"https:\/\/anders-shop.it\/it\/wp-json\/wp\/v2\/comments?post=3628"}],"version-history":[{"count":10,"href":"https:\/\/anders-shop.it\/it\/wp-json\/wp\/v2\/pages\/3628\/revisions"}],"predecessor-version":[{"id":3999,"href":"https:\/\/anders-shop.it\/it\/wp-json\/wp\/v2\/pages\/3628\/revisions\/3999"}],"wp:attachment":[{"href":"https:\/\/anders-shop.it\/it\/wp-json\/wp\/v2\/media?parent=3628"}],"curies":[{"name":"wp","href":"https:\/\/api.w.org\/{rel}","templated":true}]}}