{"id":3749,"date":"2025-10-16T15:30:57","date_gmt":"2025-10-16T13:30:57","guid":{"rendered":"https:\/\/anders-shop.it\/allgemeine-geschaeftsbedingungen\/"},"modified":"2025-10-16T15:32:24","modified_gmt":"2025-10-16T13:32:24","slug":"allgemeine-geschaeftsbedingungen","status":"publish","type":"page","link":"https:\/\/anders-shop.it\/it\/allgemeine-geschaeftsbedingungen\/","title":{"rendered":"Condizioni di Vendita"},"content":{"rendered":"<p><strong>CONDIZIONI GENERALI DI CONTRATTO, INFORMAZIONI PER IL CLIENTE<\/strong><\/p>\n<p>Indice<\/p>\n<p>1.\u00a0 \u00a0 \u00a0 \u00a0 \u00a0 \u00a0 Ambito di applicazione<\/p>\n<p>2.\u00a0 \u00a0 \u00a0 \u00a0 \u00a0 \u00a0 Conclusione del contratto<\/p>\n<p>3.\u00a0 \u00a0 \u00a0 \u00a0 \u00a0 \u00a0 Diritto di recesso<\/p>\n<p>4.\u00a0 \u00a0 \u00a0 \u00a0 \u00a0 \u00a0 Prezzi e condizioni di pagamento<\/p>\n<p>5.\u00a0 \u00a0 \u00a0 \u00a0 \u00a0 \u00a0 Condizioni di consegna e di spedizione<\/p>\n<p>6.\u00a0 \u00a0 \u00a0 \u00a0 \u00a0 \u00a0 Garanzia legale di conformit\u00e0<\/p>\n<p>7.\u00a0 \u00a0 \u00a0 \u00a0 \u00a0 \u00a0 Legge applicabile, foro competente<\/p>\n<p>8.\u00a0 \u00a0 \u00a0 \u00a0 \u00a0 \u00a0 Risoluzione alternativa delle controversie<\/p>\n<p>&nbsp;<\/p>\n<p><strong>1) Ambito di applicazione<\/strong><\/p>\n<p>1.1 Le presenti condizioni generali di contratto (di seguito &#8220;Condizioni generali\u201d) della Mens Life srl\u00a0 (di seguito &#8220;venditore\u201d), si applicano a tutti i contratti stipulati da un consumatore o da un professionista (di seguito &#8220;cliente&#8221;) con il venditore, in riferimento alla merce e\/o ai servizi in vendita presso il negozio online del venditore. Le presenti condizioni escludono l&#8217;applicazione di disposizioni proprie del cliente, salvo diversi accordi.<\/p>\n<p>1.2 Ai sensi delle presenti Condizioni generali di contratto, per &#8220;consumatore\u201d si intende qualsiasi persona fisica che concluda un negozio giuridico per fini che non rientrano nel quadro della sua attivit\u00e0 commerciale o professionale autonoma. Per &#8220;professionista\u201d si intende qualsiasi persona fisica o giuridica o societ\u00e0 di persone con personalit\u00e0 giuridica che, nel concludere un negozio giuridico, agisca per fini riconducibili alla sua attivit\u00e0 commerciale o professionale autonoma.<\/p>\n<p>&nbsp;<\/p>\n<p><strong>2) Conclusione del contratto<\/strong><\/p>\n<p>2.1 Le descrizioni dei prodotti presenti nel negozio online del venditore costituiscono offerte vincolanti da parte del venditore stesso.<\/p>\n<p>2.2 Il cliente potr\u00e0 accettare l&#8217;offerta mediante il modulo di ordinazione presente sul negozio online del venditore. Nel caso in cui l\u2019ordine venga effettuato tramite il modulo d\u2019ordine online, dopo aver inserito i dati personali, il cliente, cliccando sul pulsante di convalida al termine della procedura d\u2019acquisto, fornisce l\u2019accettazione legalmente vincolante dell\u2019offerta contrattuale in relazione alle merci contenute nel suo carrello. L\u2019offerta tuttavia potr\u00e0 essere accettata unicamente se il cliente, spuntando l\u2019apposita casella posta sotto il testo : &#8220;dichiaro espressamente di aver letto e di accettare le Condizioni generali di vendita&#8221;, conferma di accettare le condizioni contrattuali.<\/p>\n<p>2.3 Il venditore provvede a inviare al cliente la conferma dell\u2019ordine per posta o e-mail.<\/p>\n<p>2.4 In caso di accettazione di un\u2019offerta tramite il modulo d\u2019ordine online del venditore, il testo contrattuale sar\u00e0 salvato dal venditore e spedito al cliente successivamente all\u2019invio del relativo ordine, unitamente al testo delle Condizioni generali di contratto (ad es. via e-mail, per fax o lettera). Il testo contrattuale sar\u00e0 inoltre archiviato sul sito Internet del venditore e il cliente vi potr\u00e0 accedere gratuitamente attraverso il suo account protetto da password, inserendo i relativi dati di login, sempre che, prima dell\u2019invio dell\u2019ordine, il cliente abbia provveduto a creare un account nel negozio online del venditore. In ogni caso il venditore invier\u00e0 al cliente una conferma d\u2019ordine, segnalando la possibilit\u00e0 di scaricare e stampare le Condizioni generali di contratto tramite la funzione &#8220;stampa&#8221;.<\/p>\n<p>2.5 Prima dell\u2019inoltro vincolante dell\u2019ordine tramite il modulo d\u2019ordine online del venditore, il cliente potr\u00e0 correggere in qualsiasi momento i propri dati tramite le normali funzioni mouse e tastiera. Inoltre, prima della trasmissione vincolante dell\u2019ordine, tutti i dati saranno visualizzati in una finestra di conferma, dove potranno essere ancora modificati facendo uso delle normali funzioni mouse e tastiera.<\/p>\n<p>2.6 Se il cliente agisce in qualit\u00e0 di consumatore, unica lingua disponibile per la stipula del contratto \u00e8 l\u2019italiano.<\/p>\n<p>&nbsp;<\/p>\n<p><strong>3) Diritto di recesso<\/strong><\/p>\n<p>3.1 I consumatori hanno la facolt\u00e0 di esercitare il diritto di recesso.<\/p>\n<p>3.2 Per ulteriori informazioni sul diritto di recesso, consultare la relativa informativa.<\/p>\n<p>&nbsp;<\/p>\n<p><strong>4) Prezzi e condizioni di pagamento<\/strong><\/p>\n<p>4.1 Se non diversamente indicato dal venditore nella descrizione del prodotto, i prezzi indicati dal venditore sono prezzi finali e comprensivi delle imposte applicabili a norma di legge. Eventuali costi di spedizione e consegna aggiuntivi verranno indicati separatamente nelle descrizioni dei rispettivi prodotti.<\/p>\n<p>4.2 Il cliente ha a disposizione diverse possibilit\u00e0 di pagamento, illustrate sul sito Internet del venditore.<\/p>\n<p>4.3 Nel caso in cui si concordi un pagamento anticipato, il saldo dovr\u00e0 essere versato alla stipula del contratto.<\/p>\n<p>4.4 Qualora il cliente opti per il pagamento con &#8220;PayPal&#8221;, il pagamento sar\u00e0 gestito tramite il fornitore di servizi PayPal (Europe) S.\u00e0 r.l. et Cie, S.C.A., 22-24 Boulevard Royal, L-2449 Lussemburgo, alle condizioni di utilizzo PayPal consultabili al sito https:\/\/www.paypal.com\/it\/webapps\/mpp\/ua\/legalhub-full?locale.x=it_IT. Questo presuppone tra l\u2019altro che il cliente apra un conto PayPal o ne sia gi\u00e0 in possesso.<\/p>\n<p>&nbsp;<\/p>\n<p><strong>5) Condizioni di consegna e di spedizione<\/strong><\/p>\n<p>5.1 La merce viene spedita tramite corriere all&#8217;indirizzo indicato dal Cliente. L&#8217;ordine viene evaso tenendo in considerazione l&#8217;indirizzo di spedizione indicato.<\/p>\n<p>5.2 Qualora il corriere rispedisca la merce al venditore in seguito a impossibilit\u00e0 di consegna presso il cliente, i costi della spedizione non andata a buon fine saranno a carico del cliente. Ci\u00f2 non \u00e8 applicabile se il cliente esercita il diritto di recesso laddove la circostanza che ha reso impossibile la consegna non sia imputabile al cliente stesso o qualora quest\u2019ultimo fosse temporaneamente impossibilitato ad accettare la prestazione offerta, a meno che il venditore non gli avesse annunciato con adeguato anticipo l\u2019esecuzione di tale prestazione.<\/p>\n<p>5.3 In caso di ritiro operato dal cliente stesso, il venditore informa il cliente via e-mail che la merce ordinata \u00e8 pronta per il ritiro. Una volta ricevuta la comunicazione via e-mail, il cliente potr\u00e0 ritirare la merce presso la sede del venditore. In questo caso non vengono conteggiate le spese di spedizione.<\/p>\n<p>&nbsp;<\/p>\n<p><strong>6) Garanzia legale di conformit\u00e0<\/strong><\/p>\n<p>6.1 Si applicano le norme previste della legge nei casi di garanzia per vizi della cosa venduta.<\/p>\n<p>6.2 , il termine di prescrizione per i diritti di garanzia \u00e8 pari a:<\/p>\n<p>\u2022 per le merci nuove, due anni dalla consegna della merce al cliente.<\/p>\n<p>\u2022 per le merci usate, un anno dalla consegna della merce al cliente.<\/p>\n<p>6.3 L\u00b4affermazione di reclami per danni presuppone che\u2028 l\u00b4acquirente informi il venditore sul danno entro due mesi dalla scoperta del danno.<\/p>\n<p>&nbsp;<\/p>\n<p><strong>7) Legge applicabile, foro competente<\/strong><\/p>\n<p>7.1 Se il cliente agisce in veste di consumatore ai sensi del punto 1.2, per tutti i rapporti giuridici tra le parti si applica la legge del Paese in cui il cliente ha la propria residenza abituale, ad esclusione della Convenzione delle Nazioni Unite sui contratti di vendita internazionale di beni mobili. Il foro esclusivo competente per tutte le controversie derivanti dal presente contratto \u00e8 il luogo di domicilio del cliente.<\/p>\n<p>7.2 Se il cliente agisce in qualit\u00e0 di professionista ai sensi del punto 1.2, per tutti i rapporti giuridici tra le parti si applica la legge del Paese in cui il venditore ha la propria sede legale, ad esclusione della Convenzione delle Nazioni Unite sui contratti di vendita internazionale di beni mobili. Il foro esclusivo competente per tutte le controversie derivanti dal presente contratto \u00e8 il luogo della sede legale del venditore.<\/p>\n<p>&nbsp;<\/p>\n<p><strong>8) Risoluzione alternativa delle controversie<\/strong><\/p>\n<p>8.1 La Commissione Europea ha predisposto una piattaforma per la risoluzione delle controversie online disponibile al seguente link:: http:\/\/ec.europa.eu\/consumers\/odr<\/p>\n<p>Questa piattaforma rappresenta il punto di riferimento per la risoluzione extragiudiziale delle controversie derivanti dai contratti di compravendita o di servizi online in cui \u00e8 coinvolto il consumatore.<\/p>\n<p>8.2 Il venditore non \u00e8 n\u00e9 obbligato giuridicamente, n\u00e9 disposto a partecipare ad un procedimento di risoluzione delle controversie dinanzi ad un organo di conciliazione.<\/p>\n","protected":false},"excerpt":{"rendered":"<p>CONDIZIONI GENERALI DI CONTRATTO, INFORMAZIONI PER IL CLIENTE Indice 1.\u00a0 \u00a0 \u00a0 \u00a0 \u00a0 \u00a0 Ambito di applicazione 2.\u00a0 \u00a0 \u00a0 \u00a0 \u00a0 \u00a0 Conclusione del contratto 3.\u00a0 \u00a0 \u00a0 \u00a0 \u00a0 \u00a0 Diritto di recesso 4.\u00a0 \u00a0 \u00a0 \u00a0 [&hellip;]<\/p>\n","protected":false},"author":1,"featured_media":0,"parent":0,"menu_order":0,"comment_status":"closed","ping_status":"closed","template":"","meta":{"footnotes":""},"class_list":["post-3749","page","type-page","status-publish","hentry"],"_links":{"self":[{"href":"https:\/\/anders-shop.it\/it\/wp-json\/wp\/v2\/pages\/3749","targetHints":{"allow":["GET"]}}],"collection":[{"href":"https:\/\/anders-shop.it\/it\/wp-json\/wp\/v2\/pages"}],"about":[{"href":"https:\/\/anders-shop.it\/it\/wp-json\/wp\/v2\/types\/page"}],"author":[{"embeddable":true,"href":"https:\/\/anders-shop.it\/it\/wp-json\/wp\/v2\/users\/1"}],"replies":[{"embeddable":true,"href":"https:\/\/anders-shop.it\/it\/wp-json\/wp\/v2\/comments?post=3749"}],"version-history":[{"count":1,"href":"https:\/\/anders-shop.it\/it\/wp-json\/wp\/v2\/pages\/3749\/revisions"}],"predecessor-version":[{"id":3750,"href":"https:\/\/anders-shop.it\/it\/wp-json\/wp\/v2\/pages\/3749\/revisions\/3750"}],"wp:attachment":[{"href":"https:\/\/anders-shop.it\/it\/wp-json\/wp\/v2\/media?parent=3749"}],"curies":[{"name":"wp","href":"https:\/\/api.w.org\/{rel}","templated":true}]}}