{"id":3865,"date":"2025-10-16T13:55:17","date_gmt":"2025-10-16T11:55:17","guid":{"rendered":"https:\/\/anders-shop.it\/?page_id=3865"},"modified":"2025-10-28T16:46:22","modified_gmt":"2025-10-28T15:46:22","slug":"impressum","status":"publish","type":"page","link":"https:\/\/anders-shop.it\/it\/impressum\/","title":{"rendered":"Colophon"},"content":{"rendered":"<div class=\"wpb-content-wrapper\"><p>[vc_row][vc_column width=&#8221;1\/3&#8243;][vc_column_text css=&#8221;&#8221;]<\/p>\n<h3 class=\"wp-block-heading\">Responsabile dei contenuti:<\/h3>\n<p>Anders \u2013 Mens Life Srl<\/p>\n<p>Via Centrale 33<br \/>\n39031 Brunico<\/p>\n<p>T\u00a0<a href=\"https:\/\/web.archive.org\/web\/20250114122332\/tel:+390474530543\">+39 0474 530 543<\/a><\/p>\n<p>E <a href=\"mailto:info@anders.bz.it\">info@anders.bz.it<\/a>[\/vc_column_text][\/vc_column][vc_column width=&#8221;1\/3&#8243;][\/vc_column][vc_column width=&#8221;1\/3&#8243;][\/vc_column][\/vc_row][vc_row][vc_column][vc_empty_space][\/vc_column][\/vc_row][vc_row][vc_column][vc_column_text css=&#8221;&#8221;]<\/p>\n<h4 class=\"wp-block-heading\">Esclusione della responsabilit\u00e0:<\/h4>\n<p>Il proprietario non garantisce per l\u2019attualit\u00e0, la correttezza, la completezza e la qualit\u00e0 dei contenuti del sito e declina ogni responsabilit\u00e0, nei confronti dell\u2019utente e di terzi, per danni materiali e ideali derivanti dalla fruizione o non-fruizione di informazioni e servizi offerti sul sito, oppure derivanti dalla fruizione di informazioni errate o incomplete, non attribuibili a dolo o colpa grave. Inoltre, il proprietario non risponde di informazioni provenienti da altri siti internet, n\u00e9 di collegamenti e rimandi da essi pubblicati.<\/p>\n<div class=\"wp-block-spacer\" aria-hidden=\"true\"><\/div>\n<h4 class=\"wp-block-heading\">Informativa sulla privacy:<\/h4>\n<p>L\u2019informativa sulla privacy ai sensi dell\u2019art.13 del Codice in materia di protezione dei dati personali (legge 196\/03 ) \u00e8 consultabile\u00a0<a href=\"http:\/\/www.garanteprivacy.it\/garante\/navig\/jsp\/index.jsp?folderpath=Normativa%2FItaliana%2FIl+Codice+in+materia+di+protezione+dei+dati+personali\" target=\"_blank\" rel=\"noreferrer noopener\">qui<\/a>.[\/vc_column_text][\/vc_column][\/vc_row]<\/p>\n<\/div>","protected":false},"excerpt":{"rendered":"<p>[vc_row][vc_column width=&#8221;1\/3&#8243;][vc_column_text css=&#8221;&#8221;] Responsabile dei contenuti: Anders \u2013 Mens Life Srl Via Centrale 33 39031 Brunico T\u00a0+39 0474 530 543 E info@anders.bz.it[\/vc_column_text][\/vc_column][vc_column width=&#8221;1\/3&#8243;][\/vc_column][vc_column width=&#8221;1\/3&#8243;][\/vc_column][\/vc_row][vc_row][vc_column][vc_empty_space][\/vc_column][\/vc_row][vc_row][vc_column][vc_column_text css=&#8221;&#8221;] Esclusione della responsabilit\u00e0: Il proprietario non garantisce per l\u2019attualit\u00e0, la correttezza, la completezza e la [&hellip;]<\/p>\n","protected":false},"author":1,"featured_media":0,"parent":0,"menu_order":0,"comment_status":"closed","ping_status":"closed","template":"","meta":{"footnotes":""},"class_list":["post-3865","page","type-page","status-publish","hentry"],"_links":{"self":[{"href":"https:\/\/anders-shop.it\/it\/wp-json\/wp\/v2\/pages\/3865","targetHints":{"allow":["GET"]}}],"collection":[{"href":"https:\/\/anders-shop.it\/it\/wp-json\/wp\/v2\/pages"}],"about":[{"href":"https:\/\/anders-shop.it\/it\/wp-json\/wp\/v2\/types\/page"}],"author":[{"embeddable":true,"href":"https:\/\/anders-shop.it\/it\/wp-json\/wp\/v2\/users\/1"}],"replies":[{"embeddable":true,"href":"https:\/\/anders-shop.it\/it\/wp-json\/wp\/v2\/comments?post=3865"}],"version-history":[{"count":4,"href":"https:\/\/anders-shop.it\/it\/wp-json\/wp\/v2\/pages\/3865\/revisions"}],"predecessor-version":[{"id":4009,"href":"https:\/\/anders-shop.it\/it\/wp-json\/wp\/v2\/pages\/3865\/revisions\/4009"}],"wp:attachment":[{"href":"https:\/\/anders-shop.it\/it\/wp-json\/wp\/v2\/media?parent=3865"}],"curies":[{"name":"wp","href":"https:\/\/api.w.org\/{rel}","templated":true}]}}